{"id":93637,"date":"2026-01-08T20:15:44","date_gmt":"2026-01-09T01:15:44","guid":{"rendered":"https:\/\/www.curejm.org\/?page_id=93637"},"modified":"2026-02-25T12:19:57","modified_gmt":"2026-02-25T17:19:57","slug":"voluntario-destacado","status":"publish","type":"page","link":"https:\/\/www.curejm.org\/es\/volunteer-spotlight\/","title":{"rendered":"Voluntario destacado"},"content":{"rendered":"<div data-elementor-type=\"wp-page\" data-elementor-id=\"93637\" class=\"elementor elementor-93637\" data-elementor-post-type=\"page\">\n\t\t\t\t<div class=\"elementor-element elementor-element-c2bcabe sd_sp-t-50p e-flex e-con-boxed e-con e-parent\" data-id=\"c2bcabe\" data-element_type=\"container\" data-e-type=\"container\">\n\t\t\t\t\t<div class=\"e-con-inner\">\n\t\t<div class=\"elementor-element elementor-element-b2554ec e-con-full e-flex e-con e-child\" data-id=\"b2554ec\" data-element_type=\"container\" data-e-type=\"container\">\n\t\t\t\t<div class=\"elementor-element elementor-element-416d946 elementor-widget elementor-widget-heading\" data-id=\"416d946\" data-element_type=\"widget\" data-e-type=\"widget\" data-widget_type=\"heading.default\">\n\t\t\t\t<div class=\"elementor-widget-container\">\n\t\t\t\t\t<h1 class=\"elementor-heading-title elementor-size-default\">Voluntario destacado<\/h1>\t\t\t\t<\/div>\n\t\t\t\t<\/div>\n\t\t\t\t<div class=\"elementor-element elementor-element-a7da72a elementor-widget elementor-widget-heading\" data-id=\"a7da72a\" data-element_type=\"widget\" data-e-type=\"widget\" data-widget_type=\"heading.default\">\n\t\t\t\t<div class=\"elementor-widget-container\">\n\t\t\t\t\t<h2 class=\"elementor-heading-title elementor-size-default\">Encontrar conexiones, retribuir: Jessica Doherty<\/h2>\t\t\t\t<\/div>\n\t\t\t\t<\/div>\n\t\t<div class=\"elementor-element elementor-element-b62f8fb e-con-full e-flex e-con e-child\" data-id=\"b62f8fb\" data-element_type=\"container\" data-e-type=\"container\">\n\t\t<div class=\"elementor-element elementor-element-58d7245 e-con-full e-flex e-con e-child\" data-id=\"58d7245\" data-element_type=\"container\" data-e-type=\"container\">\n\t\t\t\t<div class=\"elementor-element elementor-element-43392b3 elementor-widget elementor-widget-text-editor\" data-id=\"43392b3\" data-element_type=\"widget\" data-e-type=\"widget\" data-widget_type=\"text-editor.default\">\n\t\t\t\t<div class=\"elementor-widget-container\">\n\t\t\t\t\t\t\t\t\t<p>Cuando a Marlowe, la hija de Jessica, le diagnosticaron miositis juvenil tras 18 meses de incertidumbre y varios diagn\u00f3sticos err\u00f3neos, Jessica busc\u00f3 respuestas y apoyo y encontr\u00f3 Cure JM. Lo que encontr\u00f3 fue m\u00e1s que informaci\u00f3n. Encontr\u00f3 conexi\u00f3n.<\/p>\t\t\t\t\t\t\t\t<\/div>\n\t\t\t\t<\/div>\n\t\t\t\t<\/div>\n\t\t<div class=\"elementor-element elementor-element-dfff220 e-con-full e-flex e-con e-child\" data-id=\"dfff220\" data-element_type=\"container\" data-e-type=\"container\">\n\t\t\t\t<div class=\"elementor-element elementor-element-bfff2fb elementor-widget-divider--view-line elementor-widget elementor-widget-divider\" data-id=\"bfff2fb\" data-element_type=\"widget\" data-e-type=\"widget\" data-widget_type=\"divider.default\">\n\t\t\t\t<div class=\"elementor-widget-container\">\n\t\t\t\t\t\t\t<div class=\"elementor-divider\">\n\t\t\t<span class=\"elementor-divider-separator\">\n\t\t\t\t\t\t<\/span>\n\t\t<\/div>\n\t\t\t\t\t\t<\/div>\n\t\t\t\t<\/div>\n\t\t<div class=\"elementor-element elementor-element-823ee0d e-con-full e-flex e-con e-child\" data-id=\"823ee0d\" data-element_type=\"container\" data-e-type=\"container\">\n\t\t\t\t<div class=\"elementor-element elementor-element-83db9af elementor-widget elementor-widget-image\" data-id=\"83db9af\" data-element_type=\"widget\" data-e-type=\"widget\" data-widget_type=\"image.default\">\n\t\t\t\t<div class=\"elementor-widget-container\">\n\t\t\t\t\t\t\t\t\t\t\t\t\t\t\t<img fetchpriority=\"high\" decoding=\"async\" width=\"800\" height=\"800\" src=\"https:\/\/www.curejm.org\/wp-content\/uploads\/Volunteer-Spotlight-Jessica-Doherty.jpg\" class=\"attachment-large size-large wp-image-97985\" alt=\"Voluntaria destacada: Jessica Doherty\" srcset=\"https:\/\/www.curejm.org\/wp-content\/uploads\/Volunteer-Spotlight-Jessica-Doherty.jpg 1080w, https:\/\/www.curejm.org\/wp-content\/uploads\/Volunteer-Spotlight-Jessica-Doherty-1000x1000.jpg 1000w, https:\/\/www.curejm.org\/wp-content\/uploads\/elementor\/thumbs\/Volunteer-Spotlight-Jessica-Doherty-rj6cj3nwva0nl3unmpytkg0eekgl4vlc2z2sb3k2h4.jpg 500w, https:\/\/www.curejm.org\/wp-content\/uploads\/Volunteer-Spotlight-Jessica-Doherty-768x768.jpg 768w, https:\/\/www.curejm.org\/wp-content\/uploads\/Volunteer-Spotlight-Jessica-Doherty-12x12.jpg 12w\" sizes=\"(max-width: 800px) 100vw, 800px\" \/>\t\t\t\t\t\t\t\t\t\t\t\t\t\t\t<\/div>\n\t\t\t\t<\/div>\n\t\t\t\t<div class=\"elementor-element elementor-element-7573a2d elementor-widget-divider--view-line elementor-widget elementor-widget-divider\" data-id=\"7573a2d\" data-element_type=\"widget\" data-e-type=\"widget\" data-widget_type=\"divider.default\">\n\t\t\t\t<div class=\"elementor-widget-container\">\n\t\t\t\t\t\t\t<div class=\"elementor-divider\">\n\t\t\t<span class=\"elementor-divider-separator\">\n\t\t\t\t\t\t<\/span>\n\t\t<\/div>\n\t\t\t\t\t\t<\/div>\n\t\t\t\t<\/div>\n\t\t\t\t<\/div>\n\t\t\t\t<div class=\"elementor-element elementor-element-b365f70 elementor-widget__width-auto elementor-absolute elementor-view-default elementor-widget elementor-widget-icon\" data-id=\"b365f70\" data-element_type=\"widget\" data-e-type=\"widget\" data-settings=\"{&quot;_position&quot;:&quot;absolute&quot;}\" data-widget_type=\"icon.default\">\n\t\t\t\t<div class=\"elementor-widget-container\">\n\t\t\t\t\t\t\t<div class=\"elementor-icon-wrapper\">\n\t\t\t<div class=\"elementor-icon\">\n\t\t\t<svg xmlns=\"http:\/\/www.w3.org\/2000\/svg\" viewbox=\"0 0 108.78 108.78\"><path d=\"M54.39 108.78c-1.6 0-3.11-.62-4.24-1.76L1.76 58.63C.63 57.5 0 55.99 0 54.39s.62-3.11 1.76-4.24L50.15 1.76C51.28.63 52.79 0 54.39 0s3.11.62 4.24 1.76l48.39 48.39c1.13 1.13 1.76 2.64 1.76 4.24s-.62 3.11-1.76 4.24l-48.39 48.39a5.97 5.97 0 01-4.24 1.76zM54.39 2c-1.07 0-2.07.42-2.83 1.17L3.17 51.56C2.41 52.32 2 53.32 2 54.39s.42 2.07 1.17 2.83l48.39 48.39c1.51 1.51 4.15 1.51 5.66 0l48.39-48.39c.76-.76 1.17-1.76 1.17-2.83s-.42-2.07-1.17-2.83L57.22 3.17A3.962 3.962 0 0054.39 2z\"><\/path><\/svg>\t\t\t<\/div>\n\t\t<\/div>\n\t\t\t\t\t\t<\/div>\n\t\t\t\t<\/div>\n\t\t\t\t<\/div>\n\t\t\t\t<\/div>\n\t\t<div class=\"elementor-element elementor-element-b89a7b3 e-con-full e-flex e-con e-child\" data-id=\"b89a7b3\" data-element_type=\"container\" data-e-type=\"container\">\n\t\t\t\t<div class=\"elementor-element elementor-element-22537ff elementor-widget__width-initial elementor-widget elementor-widget-text-editor\" data-id=\"22537ff\" data-element_type=\"widget\" data-e-type=\"widget\" data-widget_type=\"text-editor.default\">\n\t\t\t\t<div class=\"elementor-widget-container\">\n\t\t\t\t\t\t\t\t\t<p data-start=\"574\" data-end=\"910\">\u201cEn los d\u00edas siguientes, comenc\u00e9 a buscar informaci\u00f3n y apoyo y encontr\u00e9 Cure JM\u201d, cuenta Jessica. \u201cA trav\u00e9s de Cure JM, no solo conect\u00e9 con investigaciones y recursos fiables, sino tambi\u00e9n con otras familias, especialmente otras mam\u00e1s, que estaban recorriendo el mismo camino. Esa sensaci\u00f3n de conexi\u00f3n supuso una enorme diferencia para nuestra familia\u201d.\u201d<\/p><h4 data-start=\"912\" data-end=\"933\">C\u00f3mo ayuda Jessica<\/h4><p data-start=\"935\" data-end=\"1338\">Hoy en d\u00eda, Jessica retribuye de m\u00faltiples maneras. Es presidenta del Comit\u00e9 Organizador de la Caminata Cure JM de Tampa, donde ayuda a dirigir las iniciativas de recaudaci\u00f3n de fondos, divulgaci\u00f3n y coordinaci\u00f3n que re\u00fanen a familias y simpatizantes de toda la comunidad local. Tambi\u00e9n es representante de la Red de Apoyo a las Familias de Florida, donde brinda apoyo a las familias reci\u00e9n diagnosticadas y las ayuda a navegar por los recursos y conectarse con la red m\u00e1s amplia de Cure JM.<\/p><h4 data-start=\"1340\" data-end=\"1367\">Por qu\u00e9 sigue apareciendo<\/h4><p data-start=\"1369\" data-end=\"1714\">\u201cLo que m\u00e1s me motiva es la conexi\u00f3n con otras familias\u201d, afirma Jessica. \u201cCrear oportunidades para que Marlowe conozca y conecte con otros ni\u00f1os que est\u00e1n pasando por lo mismo es muy significativo para nosotros. Formar parte de una comunidad en la que nuestros hijos se sienten comprendidos, apoyados y celebrados es lo que me hace volver a\u00f1o tras a\u00f1o\u201d.\u201d<\/p><p data-start=\"1716\" data-end=\"1782\">Para Jessica, el voluntariado consiste en garantizar que ninguna familia se sienta sola.<\/p><p data-start=\"1784\" data-end=\"1881\">\u201cCure JM significa esperanza, conexi\u00f3n y progreso para nuestra familia. Significa saber que no estamos solos\u201d.\u201d<\/p><h4 data-start=\"1883\" data-end=\"1907\">Un momento que importa<\/h4><p data-start=\"1909\" data-end=\"2200\">\u201cUna de mis experiencias favoritas cada a\u00f1o es la Tampa Cure JM Walk\u201d, comparte. \u201cVer a familias que pueden sentirse aisladas la mayor parte del a\u00f1o reunirse en un solo lugar, ver a los ni\u00f1os sentirse empoderados y celebrados, y sentir el apoyo colectivo de la comunidad es incre\u00edblemente poderoso\u201d.\u201d<\/p>\t\t\t\t\t\t\t\t<\/div>\n\t\t\t\t<\/div>\n\t\t\t\t<\/div>\n\t\t\t\t<\/div>\n\t\t\t\t\t<\/div>\n\t\t\t\t<\/div>\n\t\t<div class=\"elementor-element elementor-element-6346aa8 sd_sp-t-50p e-flex e-con-boxed e-con e-parent\" data-id=\"6346aa8\" data-element_type=\"container\" data-e-type=\"container\">\n\t\t\t\t\t<div class=\"e-con-inner\">\n\t\t<div class=\"elementor-element elementor-element-82bf3e8 e-con-full e-flex e-con e-child\" data-id=\"82bf3e8\" data-element_type=\"container\" data-e-type=\"container\">\n\t\t\t\t<div class=\"elementor-element elementor-element-0301ec2 elementor-widget-divider--separator-type-pattern elementor-widget-divider--no-spacing elementor-widget-divider--view-line elementor-widget elementor-widget-divider\" data-id=\"0301ec2\" data-element_type=\"widget\" data-e-type=\"widget\" data-widget_type=\"divider.default\">\n\t\t\t\t<div class=\"elementor-widget-container\">\n\t\t\t\t\t\t\t<div class=\"elementor-divider\" style=\"--divider-pattern-url: url(&quot;data:image\/svg+xml,%3Csvg xmlns=&#039;http:\/\/www.w3.org\/2000\/svg&#039; preserveAspectRatio=&#039;xMidYMid meet&#039; overflow=&#039;visible&#039; height=&#039;100%&#039; viewBox=&#039;0 0 126 26&#039; fill=&#039;black&#039; stroke=&#039;none&#039;%3E%3Cpath d=&#039;M3,10.2c2.6,0,2.6,2,2.6,3.2S4.4,16.5,3,16.5s-3-1.4-3-3.2S0.4,10.2,3,10.2z M18.8,10.2c1.7,0,3.2,1.4,3.2,3.2s-1.4,3.2-3.2,3.2c-1.7,0-3.2-1.4-3.2-3.2S17,10.2,18.8,10.2z M34.6,10.2c1.5,0,2.6,1.4,2.6,3.2s-0.5,3.2-1.9,3.2c-1.5,0-3.4-1.4-3.4-3.2S33.1,10.2,34.6,10.2z M50.5,10.2c1.7,0,3.2,1.4,3.2,3.2s-1.4,3.2-3.2,3.2c-1.7,0-3.3-0.9-3.3-2.6S48.7,10.2,50.5,10.2z M66.2,10.2c1.5,0,3.4,1.4,3.4,3.2s-1.9,3.2-3.4,3.2c-1.5,0-2.6-0.4-2.6-2.1S64.8,10.2,66.2,10.2z M82.2,10.2c1.7,0.8,2.6,1.4,2.6,3.2s-0.1,3.2-1.6,3.2c-1.5,0-3.7-1.4-3.7-3.2S80.5,9.4,82.2,10.2zM98.6,10.2c1.5,0,2.6,0.4,2.6,2.1s-1.2,4.2-2.6,4.2c-1.5,0-3.7-0.4-3.7-2.1S97.1,10.2,98.6,10.2z M113.4,10.2c1.2,0,2.2,0.9,2.2,3.2s-0.1,3.2-1.3,3.2s-3.1-1.4-3.1-3.2S112.2,10.2,113.4,10.2z&#039;\/%3E%3C\/svg%3E&quot;);\">\n\t\t\t<span class=\"elementor-divider-separator\">\n\t\t\t\t\t\t<\/span>\n\t\t<\/div>\n\t\t\t\t\t\t<\/div>\n\t\t\t\t<\/div>\n\t\t\t\t<div class=\"elementor-element elementor-element-4eb813c elementor-widget elementor-widget-heading\" data-id=\"4eb813c\" data-element_type=\"widget\" data-e-type=\"widget\" data-widget_type=\"heading.default\">\n\t\t\t\t<div class=\"elementor-widget-container\">\n\t\t\t\t\t<h2 class=\"elementor-heading-title elementor-size-default\">Homenaje a una hero\u00edna de la comunidad: Keristin Schnurbusch<\/h2>\t\t\t\t<\/div>\n\t\t\t\t<\/div>\n\t\t<div class=\"elementor-element elementor-element-39a2fb5 e-con-full e-flex e-con e-child\" data-id=\"39a2fb5\" data-element_type=\"container\" data-e-type=\"container\">\n\t\t<div class=\"elementor-element elementor-element-6f350d2 e-con-full e-flex e-con e-child\" data-id=\"6f350d2\" data-element_type=\"container\" data-e-type=\"container\">\n\t\t\t\t<div class=\"elementor-element elementor-element-cf556bb elementor-widget elementor-widget-text-editor\" data-id=\"cf556bb\" data-element_type=\"widget\" data-e-type=\"widget\" data-widget_type=\"text-editor.default\">\n\t\t\t\t<div class=\"elementor-widget-container\">\n\t\t\t\t\t\t\t\t\t<p>Cure JM se enorgullece de reconocer <strong>Keristin Schnurbusch<\/strong> de <strong>Hilliard, Ohio<\/strong>, cuya dedicaci\u00f3n, generosidad y liderazgo han ayudado a cambiar las vidas de los ni\u00f1os y las familias que viven con miositis juvenil.<\/p>\t\t\t\t\t\t\t\t<\/div>\n\t\t\t\t<\/div>\n\t\t\t\t<\/div>\n\t\t<div class=\"elementor-element elementor-element-1cbad34 e-con-full e-flex e-con e-child\" data-id=\"1cbad34\" data-element_type=\"container\" data-e-type=\"container\">\n\t\t\t\t<div class=\"elementor-element elementor-element-2aab7bc elementor-widget-divider--view-line elementor-widget elementor-widget-divider\" data-id=\"2aab7bc\" data-element_type=\"widget\" data-e-type=\"widget\" data-widget_type=\"divider.default\">\n\t\t\t\t<div class=\"elementor-widget-container\">\n\t\t\t\t\t\t\t<div class=\"elementor-divider\">\n\t\t\t<span class=\"elementor-divider-separator\">\n\t\t\t\t\t\t<\/span>\n\t\t<\/div>\n\t\t\t\t\t\t<\/div>\n\t\t\t\t<\/div>\n\t\t\t\t<div class=\"elementor-element elementor-element-dd2a520 elementor-widget-tablet__width-initial elementor-widget elementor-widget-image\" data-id=\"dd2a520\" data-element_type=\"widget\" data-e-type=\"widget\" data-widget_type=\"image.default\">\n\t\t\t\t<div class=\"elementor-widget-container\">\n\t\t\t\t\t\t\t\t\t\t\t\t\t\t\t<img decoding=\"async\" width=\"800\" height=\"800\" src=\"https:\/\/www.curejm.org\/wp-content\/uploads\/Volunteer-Spotlight-Template.jpg\" class=\"attachment-large size-large wp-image-97992\" alt=\"\" srcset=\"https:\/\/www.curejm.org\/wp-content\/uploads\/Volunteer-Spotlight-Template.jpg 1080w, https:\/\/www.curejm.org\/wp-content\/uploads\/Volunteer-Spotlight-Template-1000x1000.jpg 1000w, https:\/\/www.curejm.org\/wp-content\/uploads\/Volunteer-Spotlight-Template-500x500.jpg 500w, https:\/\/www.curejm.org\/wp-content\/uploads\/Volunteer-Spotlight-Template-768x768.jpg 768w, https:\/\/www.curejm.org\/wp-content\/uploads\/Volunteer-Spotlight-Template-12x12.jpg 12w\" sizes=\"(max-width: 800px) 100vw, 800px\" \/>\t\t\t\t\t\t\t\t\t\t\t\t\t\t\t<\/div>\n\t\t\t\t<\/div>\n\t\t\t\t<div class=\"elementor-element elementor-element-a27ba0c elementor-widget-divider--view-line elementor-widget elementor-widget-divider\" data-id=\"a27ba0c\" data-element_type=\"widget\" data-e-type=\"widget\" data-widget_type=\"divider.default\">\n\t\t\t\t<div class=\"elementor-widget-container\">\n\t\t\t\t\t\t\t<div class=\"elementor-divider\">\n\t\t\t<span class=\"elementor-divider-separator\">\n\t\t\t\t\t\t<\/span>\n\t\t<\/div>\n\t\t\t\t\t\t<\/div>\n\t\t\t\t<\/div>\n\t\t\t\t<div class=\"elementor-element elementor-element-7d2dd06 elementor-widget__width-auto elementor-absolute elementor-view-default elementor-widget elementor-widget-icon\" data-id=\"7d2dd06\" data-element_type=\"widget\" data-e-type=\"widget\" data-settings=\"{&quot;_position&quot;:&quot;absolute&quot;}\" data-widget_type=\"icon.default\">\n\t\t\t\t<div class=\"elementor-widget-container\">\n\t\t\t\t\t\t\t<div class=\"elementor-icon-wrapper\">\n\t\t\t<div class=\"elementor-icon\">\n\t\t\t<svg xmlns=\"http:\/\/www.w3.org\/2000\/svg\" viewbox=\"0 0 108.78 108.78\"><path d=\"M54.39 108.78c-1.6 0-3.11-.62-4.24-1.76L1.76 58.63C.63 57.5 0 55.99 0 54.39s.62-3.11 1.76-4.24L50.15 1.76C51.28.63 52.79 0 54.39 0s3.11.62 4.24 1.76l48.39 48.39c1.13 1.13 1.76 2.64 1.76 4.24s-.62 3.11-1.76 4.24l-48.39 48.39a5.97 5.97 0 01-4.24 1.76zM54.39 2c-1.07 0-2.07.42-2.83 1.17L3.17 51.56C2.41 52.32 2 53.32 2 54.39s.42 2.07 1.17 2.83l48.39 48.39c1.51 1.51 4.15 1.51 5.66 0l48.39-48.39c.76-.76 1.17-1.76 1.17-2.83s-.42-2.07-1.17-2.83L57.22 3.17A3.962 3.962 0 0054.39 2z\"><\/path><\/svg>\t\t\t<\/div>\n\t\t<\/div>\n\t\t\t\t\t\t<\/div>\n\t\t\t\t<\/div>\n\t\t\t\t<\/div>\n\t\t\t\t<\/div>\n\t\t<div class=\"elementor-element elementor-element-b1b2b8a e-con-full e-flex e-con e-child\" data-id=\"b1b2b8a\" data-element_type=\"container\" data-e-type=\"container\">\n\t\t<div class=\"elementor-element elementor-element-ecd4745 e-con-full e-flex e-con e-child\" data-id=\"ecd4745\" data-element_type=\"container\" data-e-type=\"container\">\n\t\t\t\t<div class=\"elementor-element elementor-element-4de9eb5 elementor-widget-tablet__width-initial elementor-widget elementor-widget-image\" data-id=\"4de9eb5\" data-element_type=\"widget\" data-e-type=\"widget\" data-widget_type=\"image.default\">\n\t\t\t\t<div class=\"elementor-widget-container\">\n\t\t\t\t\t\t\t\t\t\t\t\t\t\t\t<img decoding=\"async\" width=\"800\" height=\"414\" src=\"https:\/\/www.curejm.org\/wp-content\/uploads\/Screenshot-2024-07-24-at-6.36.26\u202fPM.jpg\" class=\"attachment-large size-large wp-image-54137\" alt=\"Swing for a Cure, portada\" srcset=\"https:\/\/www.curejm.org\/wp-content\/uploads\/Screenshot-2024-07-24-at-6.36.26\u202fPM.jpg 1082w, https:\/\/www.curejm.org\/wp-content\/uploads\/Screenshot-2024-07-24-at-6.36.26\u202fPM-1000x518.jpg 1000w, https:\/\/www.curejm.org\/wp-content\/uploads\/Screenshot-2024-07-24-at-6.36.26\u202fPM-500x259.jpg 500w, https:\/\/www.curejm.org\/wp-content\/uploads\/Screenshot-2024-07-24-at-6.36.26\u202fPM-768x397.jpg 768w, https:\/\/www.curejm.org\/wp-content\/uploads\/Screenshot-2024-07-24-at-6.36.26\u202fPM-18x9.jpg 18w\" sizes=\"(max-width: 800px) 100vw, 800px\" \/>\t\t\t\t\t\t\t\t\t\t\t\t\t\t\t<\/div>\n\t\t\t\t<\/div>\n\t\t\t\t<\/div>\n\t\t<div class=\"elementor-element elementor-element-84f36b0 e-con-full e-flex e-con e-child\" data-id=\"84f36b0\" data-element_type=\"container\" data-e-type=\"container\">\n\t\t\t\t<div class=\"elementor-element elementor-element-83d4694 elementor-widget elementor-widget-heading\" data-id=\"83d4694\" data-element_type=\"widget\" data-e-type=\"widget\" data-widget_type=\"heading.default\">\n\t\t\t\t<div class=\"elementor-widget-container\">\n\t\t\t\t\t<h3 class=\"elementor-heading-title elementor-size-default\">Swing for a Cure<\/h3>\t\t\t\t<\/div>\n\t\t\t\t<\/div>\n\t\t\t\t<div class=\"elementor-element elementor-element-60308f2 elementor-widget elementor-widget-text-editor\" data-id=\"60308f2\" data-element_type=\"widget\" data-e-type=\"widget\" data-widget_type=\"text-editor.default\">\n\t\t\t\t<div class=\"elementor-widget-container\">\n\t\t\t\t\t\t\t\t\t<p>Durante siete a\u00f1os consecutivos, Keristin ha organizado <strong>Swing Fore a Cure Columbus<\/strong>, un evento para recaudar fondos en beneficio de Cure JM. Lo que comenz\u00f3 como una forma significativa de apoyar a los amigos <strong><a href=\"\/es\/_wp_link_placeholder\/\" data-wplink-edit=\"true\">Zack y Sandi Harrison<\/a><\/strong> y su hija Sydney se ha convertido en una poderosa tradici\u00f3n anual que re\u00fane a las personas en apoyo de la investigaci\u00f3n, la atenci\u00f3n y la esperanza. El evento ha recaudado m\u00e1s de 1,2 millones de d\u00f3lares para la investigaci\u00f3n vital sobre la miositis juvenil.<\/p>\t\t\t\t\t\t\t\t<\/div>\n\t\t\t\t<\/div>\n\t\t\t\t<\/div>\n\t\t\t\t<\/div>\n\t\t<div class=\"elementor-element elementor-element-9bf731e e-con-full e-flex e-con e-child\" data-id=\"9bf731e\" data-element_type=\"container\" data-e-type=\"container\">\n\t\t\t\t<div class=\"elementor-element elementor-element-cfb0226 elementor-widget__width-initial elementor-widget elementor-widget-text-editor\" data-id=\"cfb0226\" data-element_type=\"widget\" data-e-type=\"widget\" data-widget_type=\"text-editor.default\">\n\t\t\t\t<div class=\"elementor-widget-container\">\n\t\t\t\t\t\t\t\t\t<p>El impacto de Keristin ha sido reconocido recientemente por su empleador, <strong>Simpson Strong-Tie<\/strong>, con el <strong>Premio Barclay Simpson al H\u00e9roe de la Comunidad<\/strong>. Este premio honra a los empleados que ejemplifican el valor fundamental de la empresa de retribuir a la comunidad y conmemora el esp\u00edritu filantr\u00f3pico del fundador Barclay Simpson. Cada a\u00f1o, hasta cinco empleados de todo el pa\u00eds reciben el premio, junto con una donaci\u00f3n de $3,000 a la organizaci\u00f3n sin fines de lucro de su elecci\u00f3n, una placa conmemorativa y una chamarra de Community Hero. Keristin seleccion\u00f3 a Cure JM como su organizaci\u00f3n sin fines de lucro beneficiaria, ampliando a\u00fan m\u00e1s su impacto.<\/p><p>Zack Harrison comparti\u00f3: \u201cEl apoyo de Keristin ha significado m\u00e1s para nuestra familia de lo que podemos expresar con palabras. Lo que ella ha construido a trav\u00e9s de <em>Swing Fore a Cure Columbus<\/em> no es solo una recaudaci\u00f3n de fondos. Es una comunidad que apoya a Sydney y a todos los ni\u00f1os que luchan contra la miositis juvenil. Estamos infinitamente agradecidos por su coraz\u00f3n y su liderazgo\u201d.\u201d<\/p><p>Keristin reflexion\u00f3 sobre por qu\u00e9 esta causa le importa tanto y dijo: \u201cCuando alguien a quien quieres se enfrenta a algo tan abrumador como la miositis juvenil, quieres hacer todo lo posible para ayudar. Organizar Swing Fore a Cure ha sido mi forma de apoyar a Zack, Sandi, Sydney y Madison, y de devolverle algo a una comunidad que est\u00e1 haciendo un trabajo tan importante para las familias de todo el mundo\u201d.\u201d<\/p><p>El liderazgo continuo de Keristin es un poderoso recordatorio de c\u00f3mo el compromiso de una sola persona puede generar un impacto duradero. Cure JM le est\u00e1 profundamente agradecido por sus siete a\u00f1os de dedicaci\u00f3n, por la comunidad que ha construido en Columbus y por la esperanza que sigue alimentando en las familias de todo el pa\u00eds.<br \/>Gracias, Keristin, por encarnar lo que significa retribuir y por apoyar a las familias de Cure JM a\u00f1o tras a\u00f1o.<\/p>\t\t\t\t\t\t\t\t<\/div>\n\t\t\t\t<\/div>\n\t\t\t\t<\/div>\n\t\t\t\t<div class=\"elementor-element elementor-element-ed59c02 elementor-widget-divider--separator-type-pattern elementor-widget-divider--no-spacing elementor-widget-divider--view-line elementor-widget elementor-widget-divider\" data-id=\"ed59c02\" data-element_type=\"widget\" data-e-type=\"widget\" data-widget_type=\"divider.default\">\n\t\t\t\t<div class=\"elementor-widget-container\">\n\t\t\t\t\t\t\t<div class=\"elementor-divider\" style=\"--divider-pattern-url: url(&quot;data:image\/svg+xml,%3Csvg xmlns=&#039;http:\/\/www.w3.org\/2000\/svg&#039; preserveAspectRatio=&#039;xMidYMid meet&#039; overflow=&#039;visible&#039; height=&#039;100%&#039; viewBox=&#039;0 0 126 26&#039; fill=&#039;black&#039; stroke=&#039;none&#039;%3E%3Cpath d=&#039;M3,10.2c2.6,0,2.6,2,2.6,3.2S4.4,16.5,3,16.5s-3-1.4-3-3.2S0.4,10.2,3,10.2z M18.8,10.2c1.7,0,3.2,1.4,3.2,3.2s-1.4,3.2-3.2,3.2c-1.7,0-3.2-1.4-3.2-3.2S17,10.2,18.8,10.2z M34.6,10.2c1.5,0,2.6,1.4,2.6,3.2s-0.5,3.2-1.9,3.2c-1.5,0-3.4-1.4-3.4-3.2S33.1,10.2,34.6,10.2z M50.5,10.2c1.7,0,3.2,1.4,3.2,3.2s-1.4,3.2-3.2,3.2c-1.7,0-3.3-0.9-3.3-2.6S48.7,10.2,50.5,10.2z M66.2,10.2c1.5,0,3.4,1.4,3.4,3.2s-1.9,3.2-3.4,3.2c-1.5,0-2.6-0.4-2.6-2.1S64.8,10.2,66.2,10.2z M82.2,10.2c1.7,0.8,2.6,1.4,2.6,3.2s-0.1,3.2-1.6,3.2c-1.5,0-3.7-1.4-3.7-3.2S80.5,9.4,82.2,10.2zM98.6,10.2c1.5,0,2.6,0.4,2.6,2.1s-1.2,4.2-2.6,4.2c-1.5,0-3.7-0.4-3.7-2.1S97.1,10.2,98.6,10.2z M113.4,10.2c1.2,0,2.2,0.9,2.2,3.2s-0.1,3.2-1.3,3.2s-3.1-1.4-3.1-3.2S112.2,10.2,113.4,10.2z&#039;\/%3E%3C\/svg%3E&quot;);\">\n\t\t\t<span class=\"elementor-divider-separator\">\n\t\t\t\t\t\t<\/span>\n\t\t<\/div>\n\t\t\t\t\t\t<\/div>\n\t\t\t\t<\/div>\n\t\t\t\t<\/div>\n\t\t\t\t\t<\/div>\n\t\t\t\t<\/div>\n\t\t\t\t<\/div>","protected":false},"excerpt":{"rendered":"<p>Cure JM se enorgullece de reconocer a los extraordinarios voluntarios cuya dedicaci\u00f3n, generosidad y liderazgo han ayudado a cambiar las vidas de los ni\u00f1os y las familias que viven con miositis juvenil.<\/p>","protected":false},"author":19,"featured_media":328,"parent":0,"menu_order":0,"comment_status":"closed","ping_status":"closed","template":"elementor_header_footer","meta":{"_seopress_robots_primary_cat":"","_seopress_titles_title":"","_seopress_titles_desc":"The Cure JM Family Support Network offers a warm, practical place to meet other parents, grandparents, teens, and young adults who understand the journey.","_seopress_robots_index":"","footnotes":""},"class_list":["post-93637","page","type-page","status-publish","has-post-thumbnail","hentry"],"_links":{"self":[{"href":"https:\/\/www.curejm.org\/es\/wp-json\/wp\/v2\/pages\/93637","targetHints":{"allow":["GET"]}}],"collection":[{"href":"https:\/\/www.curejm.org\/es\/wp-json\/wp\/v2\/pages"}],"about":[{"href":"https:\/\/www.curejm.org\/es\/wp-json\/wp\/v2\/types\/page"}],"author":[{"embeddable":true,"href":"https:\/\/www.curejm.org\/es\/wp-json\/wp\/v2\/users\/19"}],"replies":[{"embeddable":true,"href":"https:\/\/www.curejm.org\/es\/wp-json\/wp\/v2\/comments?post=93637"}],"version-history":[{"count":3,"href":"https:\/\/www.curejm.org\/es\/wp-json\/wp\/v2\/pages\/93637\/revisions"}],"predecessor-version":[{"id":99548,"href":"https:\/\/www.curejm.org\/es\/wp-json\/wp\/v2\/pages\/93637\/revisions\/99548"}],"wp:featuredmedia":[{"embeddable":true,"href":"https:\/\/www.curejm.org\/es\/wp-json\/wp\/v2\/media\/328"}],"wp:attachment":[{"href":"https:\/\/www.curejm.org\/es\/wp-json\/wp\/v2\/media?parent=93637"}],"curies":[{"name":"wp","href":"https:\/\/api.w.org\/{rel}","templated":true}]}}