{"id":89113,"date":"2025-11-03T16:33:59","date_gmt":"2025-11-03T21:33:59","guid":{"rendered":"https:\/\/www.curejm.org\/?page_id=89113"},"modified":"2025-11-30T13:17:22","modified_gmt":"2025-11-30T18:17:22","slug":"una-nueva-investigacion-ofrece-esperanzas-para-tratamientos-mas-personalizados-contra-la-jm","status":"publish","type":"page","link":"https:\/\/www.curejm.org\/es\/new-research-offers-hope-for-more-personalized-jm-treatments\/","title":{"rendered":"Una nueva investigaci\u00f3n ofrece esperanzas para tratamientos m\u00e1s personalizados contra la JM"},"content":{"rendered":"<figure class=\"wp-block-image size-full\"><img fetchpriority=\"high\" decoding=\"async\" width=\"1366\" height=\"768\" src=\"https:\/\/www.curejm.org\/wp-content\/uploads\/Breaking-News-Jessica-Neely.jpg\" alt=\"Dra. Jessica Neely\" class=\"wp-image-89114\" srcset=\"https:\/\/www.curejm.org\/wp-content\/uploads\/Breaking-News-Jessica-Neely.jpg 1366w, https:\/\/www.curejm.org\/wp-content\/uploads\/Breaking-News-Jessica-Neely-1000x562.jpg 1000w, https:\/\/www.curejm.org\/wp-content\/uploads\/Breaking-News-Jessica-Neely-500x281.jpg 500w, https:\/\/www.curejm.org\/wp-content\/uploads\/Breaking-News-Jessica-Neely-768x432.jpg 768w, https:\/\/www.curejm.org\/wp-content\/uploads\/Breaking-News-Jessica-Neely-18x10.jpg 18w\" sizes=\"(max-width: 1366px) 100vw, 1366px\" \/><\/figure>\n\n\n\n<p><em>Con financiaci\u00f3n de Cure JM, los cient\u00edficos identifican \u201chuellas proteicas\u201d que podr\u00edan mejorar el diagn\u00f3stico y la atenci\u00f3n de los ni\u00f1os con miositis juvenil.<\/em><\/p>\n\n\n\n<p>Un nuevo estudio&nbsp;<a href=\"https:\/\/www.sciencedirect.com\/science\/article\/pii\/S0003496725042918?via%3Dihub\" target=\"_blank\" rel=\"noreferrer noopener\">publicado<\/a>&nbsp;en&nbsp;<em>Anales de Neurolog\u00eda<\/em>&nbsp;ha descubierto un importante avance en la comprensi\u00f3n de la dermatomiositis juvenil (DMJ). Los investigadores han encontrado \u201chuellas proteicas\u201d \u00fanicas en los m\u00fasculos y la piel de los ni\u00f1os con DMJ, descubrimientos que podr\u00edan ayudar a los m\u00e9dicos a adaptar alg\u00fan d\u00eda los tratamientos a la enfermedad espec\u00edfica de cada ni\u00f1o.<\/p>\n\n\n\n<p><strong>Lo que revel\u00f3 el estudio<\/strong><br>Este estudio hist\u00f3rico,&nbsp;<strong>con financiaci\u00f3n de la Fundaci\u00f3n Cure JM<\/strong>, examinaron muestras de tejido de ni\u00f1os con JM, centr\u00e1ndose en los m\u00fasculos y la piel afectados, en lugar de limitarse a an\u00e1lisis de sangre. Los cient\u00edficos descubrieron grupos distintos de prote\u00ednas que estaban hiperactivas o ausentes en los tejidos con JM, en comparaci\u00f3n con los de ni\u00f1os sanos.<\/p>\n\n\n\n<p>Estas diferencias ayudan a explicar por qu\u00e9 la JM afecta a cada ni\u00f1o de manera diferente. Algunos ni\u00f1os experimentan una mayor afectaci\u00f3n cut\u00e1nea, otros una mayor debilidad muscular y muchos responden de manera diferente al tratamiento. Al identificar estas \u201chuellas proteicas\u201d \u00fanicas, los investigadores se est\u00e1n acercando a comprender la biolog\u00eda subyacente que impulsa estas variaciones.<\/p>\n\n\n\n<p><strong>Por qu\u00e9 es importante<\/strong><br>Los tratamientos actuales para la JM son en gran medida gen\u00e9ricos y se basan en medicamentos inmunosupresores generales que pueden tardar meses en ajustarse. Estos nuevos descubrimientos sobre las prote\u00ednas podr\u00edan ayudar a los m\u00e9dicos a predecir qu\u00e9 terapias funcionar\u00e1n mejor para cada ni\u00f1o y permitirles detectar mejoras o brotes mucho antes.<\/p>\n\n\n\n<p><strong>Del equipo de investigaci\u00f3n<\/strong><br>\u201cEsto no habr\u00eda sido posible sin Cure JM\u201d, afirm\u00f3&nbsp;<strong>Dra. Jessica Neely<\/strong>, exbecario Cure JM y codirector del Centro de Excelencia de la UCSF. \u201cEstamos muy agradecidos y esperamos que esto nos ayude a seguir acerc\u00e1ndonos a mejores biomarcadores para la DMJ con el fin de mejorar la atenci\u00f3n m\u00e9dica\u201d.\u201d<\/p>\n\n\n\n<p><strong>Por qu\u00e9 esto nos da esperanza<\/strong><br>Esta investigaci\u00f3n representa un gran avance hacia la \u201cmedicina de tratamiento individualizado\u201d para la miositis juvenil, es decir, una atenci\u00f3n basada en la biolog\u00eda \u00fanica de cada ni\u00f1o. Para las familias, supone una esperanza de diagn\u00f3sticos m\u00e1s r\u00e1pidos, menos efectos secundarios y tratamientos m\u00e1s eficaces.<\/p>\n\n\n\n<p>Gracias a la generosidad de la comunidad Cure JM y a nuestras colaboraciones con investigadores e instituciones l\u00edderes, descubrimientos como este est\u00e1n transformando las posibilidades para los ni\u00f1os con miositis juvenil. Juntos, estamos construyendo un futuro con mejores tratamientos, una atenci\u00f3n mejorada y resultados m\u00e1s prometedores para todos los ni\u00f1os y familias afectados por la MJ.<\/p>\n\n\n\n<p><\/p>","protected":false},"excerpt":{"rendered":"<p>Funded by Cure JM, scientists identify \u201cprotein fingerprints\u201d that could improve diagnosis and care for kids with juvenile myositis. A new study&nbsp;published&nbsp;in&nbsp;Annals of Neurology&nbsp;has uncovered a major breakthrough in understanding juvenile dermatomyositis (JM). Researchers have found unique \u201cprotein fingerprints\u201d in the muscle and skin of children with JM \u2014 discoveries that could help doctors one [&hellip;]<\/p>\n","protected":false},"author":24,"featured_media":89114,"parent":0,"menu_order":0,"comment_status":"closed","ping_status":"closed","template":"","meta":{"_seopress_robots_primary_cat":"","_seopress_titles_title":"","_seopress_titles_desc":"","_seopress_robots_index":"","footnotes":""},"class_list":["post-89113","page","type-page","status-publish","has-post-thumbnail","hentry"],"_links":{"self":[{"href":"https:\/\/www.curejm.org\/es\/wp-json\/wp\/v2\/pages\/89113","targetHints":{"allow":["GET"]}}],"collection":[{"href":"https:\/\/www.curejm.org\/es\/wp-json\/wp\/v2\/pages"}],"about":[{"href":"https:\/\/www.curejm.org\/es\/wp-json\/wp\/v2\/types\/page"}],"author":[{"embeddable":true,"href":"https:\/\/www.curejm.org\/es\/wp-json\/wp\/v2\/users\/24"}],"replies":[{"embeddable":true,"href":"https:\/\/www.curejm.org\/es\/wp-json\/wp\/v2\/comments?post=89113"}],"version-history":[{"count":0,"href":"https:\/\/www.curejm.org\/es\/wp-json\/wp\/v2\/pages\/89113\/revisions"}],"wp:featuredmedia":[{"embeddable":true,"href":"https:\/\/www.curejm.org\/es\/wp-json\/wp\/v2\/media\/89114"}],"wp:attachment":[{"href":"https:\/\/www.curejm.org\/es\/wp-json\/wp\/v2\/media?parent=89113"}],"curies":[{"name":"wp","href":"https:\/\/api.w.org\/{rel}","templated":true}]}}