{"id":88534,"date":"2025-10-24T13:32:14","date_gmt":"2025-10-24T17:32:14","guid":{"rendered":"https:\/\/www.curejm.org\/?page_id=88534"},"modified":"2025-11-03T10:53:58","modified_gmt":"2025-11-03T15:53:58","slug":"las-pulseras-de-la-esperanza-de-khloe","status":"publish","type":"page","link":"https:\/\/www.curejm.org\/es\/stories-of-hope\/khloes-bracelets-of-hope\/","title":{"rendered":"Las pulseras de la esperanza de Khloe"},"content":{"rendered":"<div data-elementor-type=\"wp-page\" data-elementor-id=\"88534\" class=\"elementor elementor-88534\" data-elementor-post-type=\"page\">\n\t\t\t\t<div class=\"elementor-element elementor-element-36040690 e-flex e-con-boxed e-con e-parent\" data-id=\"36040690\" data-element_type=\"container\" data-e-type=\"container\">\n\t\t\t\t\t<div class=\"e-con-inner\">\n\t\t\t\t<div class=\"elementor-element elementor-element-4edaf216 elementor-widget elementor-widget-text-editor\" data-id=\"4edaf216\" data-element_type=\"widget\" data-e-type=\"widget\" data-widget_type=\"text-editor.default\">\n\t\t\t\t<div class=\"elementor-widget-container\">\n\t\t\t\t\t\t\t\t\t\n<figure class=\"wp-block-image size-full\"><img fetchpriority=\"high\" decoding=\"async\" width=\"1500\" height=\"571\" class=\"wp-image-88535\" src=\"https:\/\/www.curejm.org\/wp-content\/uploads\/khloesstory-1.jpg\" alt=\"Las pulseras de la esperanza de Khloe | Fundaci\u00f3n Cure JM\" srcset=\"https:\/\/www.curejm.org\/wp-content\/uploads\/khloesstory-1.jpg 1500w, https:\/\/www.curejm.org\/wp-content\/uploads\/khloesstory-1-1000x381.jpg 1000w, https:\/\/www.curejm.org\/wp-content\/uploads\/khloesstory-1-500x190.jpg 500w, https:\/\/www.curejm.org\/wp-content\/uploads\/khloesstory-1-768x292.jpg 768w, https:\/\/www.curejm.org\/wp-content\/uploads\/khloesstory-1-18x7.jpg 18w\" sizes=\"(max-width: 1500px) 100vw, 1500px\" \/><\/figure>\n\n<p>Khloe (arriba) aprovecha el tiempo que pasa en la sala de infusi\u00f3n para crear bonitas pulseras que vende con el fin de recaudar fondos para su tratamiento.<\/p>\n\n<p>Durante sus tratamientos de infusi\u00f3n en el hospital,<strong> Khloe, a quien le diagnosticaron la enfermedad a los 6 a\u00f1os, pasa el tiempo de la forma m\u00e1s inspiradora: haciendo pulseras.<\/strong> Cada uno es brillante, alegre y est\u00e1 lleno de amor. Pero lo que los hace realmente especiales es el motivo por el que ella los hace.<\/p>\n\n<p>Khloe est\u00e1 elaborando pulseras para recaudar fondos para la cura de la miositis juvenil. Entre infusi\u00f3n y infusi\u00f3n, ensarta cuidadosamente cuentas de colores, formando palabras como \u00abesperanza\u00bb, \u00abfuerza\u00bb y \u00abcura\u00bb.<strong> \u201cQuiero ayudar a otros ni\u00f1os como yo\u201d.\u201d<\/strong> dice ella, mostrando una pulsera en la que se lee Cure JM.<\/p>\n\n<p>Su familia ayuda a vender las pulseras a amigos, compa\u00f1eros de clase y vecinos, y cada d\u00f3lar recaudado se destina a Cure JM para apoyar la investigaci\u00f3n y la atenci\u00f3n de los ni\u00f1os con miositis juvenil.<\/p>\n\n<p><strong>\u201cEstoy impresionado por el apoyo de nuestros amigos y familiares\u201d.\u201d <\/strong>dice Annalisa, la mam\u00e1 de Khloe. <strong>\u201cEsta recaudaci\u00f3n de fondos ha sido muy conmovedora\u201d.\u201d<\/strong><\/p>\n\n<p>Las pulseras de Khloe son m\u00e1s que joyas: son un s\u00edmbolo de valent\u00eda, comunidad y la creencia de que juntos podemos encontrar una cura.<\/p>\n\n<p>Durante las fiestas navide\u00f1as, puedes unirte a Khloe y su familia para ayudar a encontrar una cura.\u00a0<a href=\"https:\/\/secure2.convio.net\/curejm\/site\/TR?fr_id=1710&amp;pg=entry\">Todos los fondos recaudados o donados hasta el 31 de diciembre ser\u00e1n igualados por la familia Coffey.<\/a><\/p>\n\t\t\t\t\t\t\t\t<\/div>\n\t\t\t\t<\/div>\n\t\t\t\t\t<\/div>\n\t\t\t\t<\/div>\n\t\t\t\t<\/div>","protected":false},"excerpt":{"rendered":"<p>Khloe (above) uses her infusion time to create beautiful bracelets to sell in efforts to fundraise for her cure. During her infusion treatments at the hospital, Khloe, who was diagnosed at age 6, passes her time in the most inspiring way \u2013 by making bracelets. Each one is bright, cheerful, and filled with love. But [&hellip;]<\/p>\n","protected":false},"author":24,"featured_media":1103,"parent":743,"menu_order":0,"comment_status":"closed","ping_status":"closed","template":"","meta":{"_seopress_robots_primary_cat":"","_seopress_titles_title":"","_seopress_titles_desc":"","_seopress_robots_index":"","footnotes":""},"class_list":["post-88534","page","type-page","status-publish","has-post-thumbnail","hentry"],"_links":{"self":[{"href":"https:\/\/www.curejm.org\/es\/wp-json\/wp\/v2\/pages\/88534","targetHints":{"allow":["GET"]}}],"collection":[{"href":"https:\/\/www.curejm.org\/es\/wp-json\/wp\/v2\/pages"}],"about":[{"href":"https:\/\/www.curejm.org\/es\/wp-json\/wp\/v2\/types\/page"}],"author":[{"embeddable":true,"href":"https:\/\/www.curejm.org\/es\/wp-json\/wp\/v2\/users\/24"}],"replies":[{"embeddable":true,"href":"https:\/\/www.curejm.org\/es\/wp-json\/wp\/v2\/comments?post=88534"}],"version-history":[{"count":0,"href":"https:\/\/www.curejm.org\/es\/wp-json\/wp\/v2\/pages\/88534\/revisions"}],"up":[{"embeddable":true,"href":"https:\/\/www.curejm.org\/es\/wp-json\/wp\/v2\/pages\/743"}],"wp:featuredmedia":[{"embeddable":true,"href":"https:\/\/www.curejm.org\/es\/wp-json\/wp\/v2\/media\/1103"}],"wp:attachment":[{"href":"https:\/\/www.curejm.org\/es\/wp-json\/wp\/v2\/media?parent=88534"}],"curies":[{"name":"wp","href":"https:\/\/api.w.org\/{rel}","templated":true}]}}