{"id":35254,"date":"2024-08-07T12:32:54","date_gmt":"2024-08-07T16:32:54","guid":{"rendered":"https:\/\/www.curejm.org\/?page_id=35254"},"modified":"2025-10-15T13:45:46","modified_gmt":"2025-10-15T17:45:46","slug":"givingtuesdayhopehero","status":"publish","type":"page","link":"https:\/\/www.curejm.org\/es\/givingtuesdayhopehero\/","title":{"rendered":"Martes de donaciones 2024 (\/givingtuesdayhopehero)"},"content":{"rendered":"\t\t<div data-elementor-type=\"wp-page\" data-elementor-id=\"35254\" class=\"elementor elementor-35254\" data-elementor-post-type=\"page\">\n\t\t\t\t\t\t<section class=\"elementor-section elementor-top-section elementor-element elementor-element-426a17c6 elementor-section-content-middle sd_sp-t-50p elementor-section-boxed elementor-section-height-default elementor-section-height-default\" data-id=\"426a17c6\" data-element_type=\"section\" data-e-type=\"section\">\n\t\t\t\t\t\t\t<div class=\"elementor-background-overlay\"><\/div>\n\t\t\t\t\t\t\t<div class=\"elementor-container elementor-column-gap-default\">\n\t\t\t\t\t<div class=\"elementor-column elementor-col-50 elementor-top-column elementor-element elementor-element-513d1495\" data-id=\"513d1495\" data-element_type=\"column\" data-e-type=\"column\">\n\t\t\t<div class=\"elementor-widget-wrap elementor-element-populated\">\n\t\t\t\t\t\t<div class=\"elementor-element elementor-element-5b3d5b22 elementor-widget elementor-widget-heading\" data-id=\"5b3d5b22\" data-element_type=\"widget\" data-e-type=\"widget\" data-widget_type=\"heading.default\">\n\t\t\t\t<div class=\"elementor-widget-container\">\n\t\t\t\t\t<h1 class=\"elementor-heading-title elementor-size-default\">Giving Tuesday Holiday Challenge<\/h1>\t\t\t\t<\/div>\n\t\t\t\t<\/div>\n\t\t\t\t<div class=\"elementor-element elementor-element-31027d1 elementor-widget elementor-widget-button\" data-id=\"31027d1\" data-element_type=\"widget\" data-e-type=\"widget\" data-widget_type=\"button.default\">\n\t\t\t\t<div class=\"elementor-widget-container\">\n\t\t\t\t\t\t\t\t\t<div class=\"elementor-button-wrapper\">\n\t\t\t\t\t<a class=\"elementor-button elementor-button-link elementor-size-sm\" href=\"https:\/\/secure2.convio.net\/curejm\/site\/TR?fr_id=1640&#038;pg=entry\">\n\t\t\t\t\t\t<span class=\"elementor-button-content-wrapper\">\n\t\t\t\t\t\t\t\t\t<span class=\"elementor-button-text\">Check Our Giving Tuesday Progress Here<\/span>\n\t\t\t\t\t<\/span>\n\t\t\t\t\t<\/a>\n\t\t\t\t<\/div>\n\t\t\t\t\t\t\t\t<\/div>\n\t\t\t\t<\/div>\n\t\t\t\t<div class=\"elementor-element elementor-element-287b4b86 sd_max-width-550 elementor-widget elementor-widget-text-editor\" data-id=\"287b4b86\" data-element_type=\"widget\" data-e-type=\"widget\" data-widget_type=\"text-editor.default\">\n\t\t\t\t<div class=\"elementor-widget-container\">\n\t\t\t\t\t\t\t\t\t<p class=\"MsoNormal\" style=\"margin: 0in; font-size: medium; font-family: Calibri, sans-serif; caret-color: #000000; color: #000000;\"><span style=\"font-family: Arial, sans-serif; color: #222222;\"><b>Be a Hope Hero!<\/b>\u00a0<\/span><span style=\"color: #222222; font-family: Arial, sans-serif;\">Join us anytime between now and Giving Tuesday, December 3, to help give JM kids a brighter future.<\/span><\/p><p class=\"MsoNormal\" style=\"margin: 0in;\"><span style=\"caret-color: #000000; color: #222222; font-family: Arial, sans-serif; font-size: medium;\"><b>Together, we\u2019re funding better treatments, care, and support for juvenile myositis. <\/b>More life-changing treatments are<\/span><span style=\"caret-color: #000000; color: #222222; font-family: Arial, sans-serif; font-size: medium;\">\u00a0in development than ever before.\u00a0<\/span><span style=\"color: #222222; font-family: Arial, sans-serif; font-size: medium;\"><span style=\"caret-color: #000000;\">We\u2019re supporting cutting-edge research, including investigating a new immune reset therapy with curative potential and working to drive trials for a class of drugs (JAK inhibitors) that could replace the harsh effects of corticosteroids. \u00a0\u00a0<\/span><\/span><\/p><p class=\"MsoNormal\" style=\"margin: 0in;\"><span style=\"color: #222222; font-family: Arial, sans-serif; font-size: medium;\"><span style=\"caret-color: #000000;\">\u00a0<\/span><\/span><\/p><p class=\"MsoNormal\" style=\"margin: 0in;\"><span style=\"color: #222222; font-family: Arial, sans-serif; font-size: medium;\"><span style=\"caret-color: #000000;\"><b>We are helping our patients get the best care.<\/b> We have expanded our Clinical Care Network to more than 50 providers at 33 U.S. locations. Last year, 71% of the pediatric rheumatology community joined our educational\u00a0initiatives, ensuring that our healthcare providers are equipped with the latest in information on JM care.<\/span><\/span><\/p><p class=\"MsoNormal\" style=\"margin: 0in; font-size: medium; font-family: Calibri, sans-serif; caret-color: #000000; color: #000000;\"><span style=\"font-family: Arial, sans-serif; color: #222222;\">\u00a0<\/span><\/p><p class=\"MsoNormal\" style=\"margin: 0in; font-size: medium; font-family: Calibri, sans-serif; caret-color: #000000; color: #000000;\"><span style=\"font-family: Arial, sans-serif; color: #222222;\">These are just a few of the ways we\u2019re working to give our children brighter futures.<\/span><\/p><p class=\"MsoNormal\" style=\"margin: 0in; font-size: medium; font-family: Calibri, sans-serif; caret-color: #000000; color: #000000;\"><span style=\"font-family: Arial, sans-serif; color: #222222;\">\u00a0<\/span><\/p><p class=\"MsoNormal\" style=\"margin: 0in; font-size: medium; font-family: Calibri, sans-serif; caret-color: #000000; color: #000000;\"><b><u><span style=\"font-family: Arial, sans-serif; color: #222222;\">But we cannot do this work without you.<\/span><\/u> <\/b><span style=\"font-family: Arial, sans-serif; color: #222222;\">Your participation helps ensure no promising research goes unfunded.<\/span><\/p><p class=\"MsoNormal\" style=\"margin: 0in; font-size: medium; font-family: Calibri, sans-serif; caret-color: #000000; color: #000000;\"><span style=\"font-family: Arial, sans-serif; color: #222222;\">\u00a0<\/span><\/p><p class=\"MsoNormal\" style=\"margin: 0in; font-size: medium; font-family: Calibri, sans-serif; caret-color: #000000; color: #000000;\"><span style=\"font-family: Arial, sans-serif; color: #222222;\">To help, simply complete the form below. <\/span><span style=\"font-family: Arial, sans-serif; color: #222222;\">Then, Shannon Malloy will be in touch to discuss different ways you can help. You can participate any way you would like on any day. We\u2019ll give you all the tools to make it easy to help. \u00a0<\/span><\/p><p class=\"MsoNormal\" style=\"margin: 0in; font-size: medium; font-family: Calibri, sans-serif; caret-color: #000000; color: #000000;\"><span style=\"font-family: Arial, sans-serif; color: #222222;\">\u00a0<\/span><\/p><p class=\"MsoNormal\" style=\"margin: 0in; font-size: medium; font-family: Calibri, sans-serif; caret-color: #000000; color: #000000;\"><span style=\"font-family: Arial, sans-serif; color: #222222;\">If this is your first time participating, we will be with you every step of the way. Participate and say, <strong>&#8220;<\/strong><\/span><b><span style=\"font-family: Arial, sans-serif; color: #222222;\">Yes! I\u2019ll Be a Hope Hero!&#8221;<\/span><\/b><\/p>\t\t\t\t\t\t\t\t<\/div>\n\t\t\t\t<\/div>\n\t\t\t\t<div class=\"elementor-element elementor-element-fa8e9e3 elementor-align-left elementor-mobile-align-left elementor-widget elementor-widget-button\" data-id=\"fa8e9e3\" data-element_type=\"widget\" data-e-type=\"widget\" data-widget_type=\"button.default\">\n\t\t\t\t<div class=\"elementor-widget-container\">\n\t\t\t\t\t\t\t\t\t<div class=\"elementor-button-wrapper\">\n\t\t\t\t\t<a class=\"elementor-button elementor-button-link elementor-size-sm\" href=\"https:\/\/www.curejm.org\/wp-content\/uploads\/holiday_challenge_guide_october_1_2025.pdf\" target=\"_blank\">\n\t\t\t\t\t\t<span class=\"elementor-button-content-wrapper\">\n\t\t\t\t\t\t\t\t\t<span class=\"elementor-button-text\">View the Participant's Guide<\/span>\n\t\t\t\t\t<\/span>\n\t\t\t\t\t<\/a>\n\t\t\t\t<\/div>\n\t\t\t\t\t\t\t\t<\/div>\n\t\t\t\t<\/div>\n\t\t\t\t\t<\/div>\n\t\t<\/div>\n\t\t\t\t<div class=\"elementor-column elementor-col-50 elementor-top-column elementor-element elementor-element-15df7b72\" data-id=\"15df7b72\" data-element_type=\"column\" data-e-type=\"column\">\n\t\t\t<div class=\"elementor-widget-wrap elementor-element-populated\">\n\t\t\t\t\t\t<div class=\"elementor-element elementor-element-5a041e0 elementor-widget elementor-widget-video\" data-id=\"5a041e0\" data-element_type=\"widget\" data-e-type=\"widget\" data-settings=\"{&quot;youtube_url&quot;:&quot;https:\\\/\\\/youtube.com\\\/shorts\\\/sePfFPPy9ic&quot;,&quot;start&quot;:0,&quot;video_type&quot;:&quot;youtube&quot;,&quot;controls&quot;:&quot;yes&quot;}\" data-widget_type=\"video.default\">\n\t\t\t\t<div class=\"elementor-widget-container\">\n\t\t\t\t\t\t\t<div class=\"elementor-wrapper elementor-open-inline\">\n\t\t\t<div class=\"elementor-video\"><\/div>\t\t<\/div>\n\t\t\t\t\t\t<\/div>\n\t\t\t\t<\/div>\n\t\t\t\t<div class=\"elementor-element elementor-element-03850ab elementor-widget elementor-widget-text-editor\" data-id=\"03850ab\" data-element_type=\"widget\" data-e-type=\"widget\" data-widget_type=\"text-editor.default\">\n\t\t\t\t<div class=\"elementor-widget-container\">\n\t\t\t\t\t\t\t\t\t<h6><span style=\"color: #222222; font-family: Arial, Helvetica, sans-serif; font-size: small;\">Hear from Angela about what Giving Tuesday means to kids and Cure JM.<\/span><\/h6>\t\t\t\t\t\t\t\t<\/div>\n\t\t\t\t<\/div>\n\t\t\t\t<div class=\"elementor-element elementor-element-2ad27d14 elementor-widget__width-auto elementor-absolute elementor-view-default elementor-widget elementor-widget-icon\" data-id=\"2ad27d14\" data-element_type=\"widget\" data-e-type=\"widget\" data-settings=\"{&quot;_position&quot;:&quot;absolute&quot;}\" data-widget_type=\"icon.default\">\n\t\t\t\t<div class=\"elementor-widget-container\">\n\t\t\t\t\t\t\t<div class=\"elementor-icon-wrapper\">\n\t\t\t<a class=\"elementor-icon\" href=\"https:\/\/www.youtube.com\/watch?v=riI243OB4gc\">\n\t\t\t<svg xmlns=\"http:\/\/www.w3.org\/2000\/svg\" viewBox=\"0 0 54.4 54.4\"><rect x=\"5.57\" y=\"5.57\" width=\"43.25\" height=\"43.25\" rx=\"8.18\" ry=\"8.18\" transform=\"rotate(-45 27.198 27.204)\"><\/rect><\/svg>\t\t\t<\/a>\n\t\t<\/div>\n\t\t\t\t\t\t<\/div>\n\t\t\t\t<\/div>\n\t\t\t\t<div class=\"elementor-element elementor-element-506f4a15 elementor-widget__width-auto elementor-absolute elementor-view-default elementor-widget elementor-widget-icon\" data-id=\"506f4a15\" data-element_type=\"widget\" data-e-type=\"widget\" data-settings=\"{&quot;_position&quot;:&quot;absolute&quot;}\" data-widget_type=\"icon.default\">\n\t\t\t\t<div class=\"elementor-widget-container\">\n\t\t\t\t\t\t\t<div class=\"elementor-icon-wrapper\">\n\t\t\t<div class=\"elementor-icon\">\n\t\t\t<svg xmlns=\"http:\/\/www.w3.org\/2000\/svg\" viewBox=\"0 0 13 13\"><path d=\"M6.87 4.59c-.41 0-.75-.34-.75-.75V.75c0-.41.34-.75.75-.75s.75.34.75.75v3.09c0 .41-.34.75-.75.75zM6.87 13c-.41 0-.75-.34-.75-.75V9.16c0-.41.34-.75.75-.75s.75.34.75.75v3.09c0 .41-.34.75-.75.75zM3.84 7.62H.75c-.41 0-.75-.34-.75-.75s.34-.75.75-.75h3.09c.41 0 .75.34.75.75s-.34.75-.75.75zM12.25 7.62H9.16c-.41 0-.75-.34-.75-.75s.34-.75.75-.75h3.09c.41 0 .75.34.75.75s-.34.75-.75.75z\"><\/path><\/svg>\t\t\t<\/div>\n\t\t<\/div>\n\t\t\t\t\t\t<\/div>\n\t\t\t\t<\/div>\n\t\t\t\t<div class=\"elementor-element elementor-element-6a2d0a82 elementor-widget__width-auto elementor-absolute elementor-view-default elementor-widget elementor-widget-icon\" data-id=\"6a2d0a82\" data-element_type=\"widget\" data-e-type=\"widget\" data-settings=\"{&quot;_position&quot;:&quot;absolute&quot;}\" data-widget_type=\"icon.default\">\n\t\t\t\t<div class=\"elementor-widget-container\">\n\t\t\t\t\t\t\t<div class=\"elementor-icon-wrapper\">\n\t\t\t<div class=\"elementor-icon\">\n\t\t\t<svg xmlns=\"http:\/\/www.w3.org\/2000\/svg\" viewBox=\"0 0 72.71 72.71\"><rect x=\"9.48\" y=\"9.48\" width=\"53.76\" height=\"53.76\" rx=\"4\" ry=\"4\" transform=\"rotate(-45 36.348 36.354)\"><\/rect><\/svg>\t\t\t<\/div>\n\t\t<\/div>\n\t\t\t\t\t\t<\/div>\n\t\t\t\t<\/div>\n\t\t\t\t<div class=\"elementor-element elementor-element-73b4f3d7 elementor-widget__width-auto elementor-absolute elementor-view-default elementor-widget elementor-widget-icon\" data-id=\"73b4f3d7\" data-element_type=\"widget\" data-e-type=\"widget\" data-settings=\"{&quot;_position&quot;:&quot;absolute&quot;}\" data-widget_type=\"icon.default\">\n\t\t\t\t<div class=\"elementor-widget-container\">\n\t\t\t\t\t\t\t<div class=\"elementor-icon-wrapper\">\n\t\t\t<div class=\"elementor-icon\">\n\t\t\t<svg xmlns=\"http:\/\/www.w3.org\/2000\/svg\" viewBox=\"0 0 54.4 54.4\"><rect x=\"5.57\" y=\"5.57\" width=\"43.25\" height=\"43.25\" rx=\"8.18\" ry=\"8.18\" transform=\"rotate(-45 27.198 27.204)\"><\/rect><\/svg>\t\t\t<\/div>\n\t\t<\/div>\n\t\t\t\t\t\t<\/div>\n\t\t\t\t<\/div>\n\t\t\t\t\t<\/div>\n\t\t<\/div>\n\t\t\t\t\t<\/div>\n\t\t<\/section>\n\t\t\t\t<section class=\"elementor-section elementor-top-section elementor-element elementor-element-fb02499 sd_sp-t-0 elementor-section-boxed elementor-section-height-default elementor-section-height-default\" data-id=\"fb02499\" data-element_type=\"section\" data-e-type=\"section\">\n\t\t\t\t\t\t<div class=\"elementor-container elementor-column-gap-default\">\n\t\t\t\t\t<div class=\"elementor-column elementor-col-50 elementor-top-column elementor-element elementor-element-ec86028\" data-id=\"ec86028\" data-element_type=\"column\" data-e-type=\"column\" data-settings=\"{&quot;background_background&quot;:&quot;classic&quot;}\">\n\t\t\t<div class=\"elementor-widget-wrap elementor-element-populated\">\n\t\t\t\t\t\t<div class=\"elementor-element elementor-element-309eebb elementor-widget elementor-widget-heading\" data-id=\"309eebb\" data-element_type=\"widget\" data-e-type=\"widget\" data-widget_type=\"heading.default\">\n\t\t\t\t<div class=\"elementor-widget-container\">\n\t\t\t\t\t<h2 class=\"elementor-heading-title elementor-size-default\">Join the Team<\/h2>\t\t\t\t<\/div>\n\t\t\t\t<\/div>\n\t\t\t\t<div class=\"elementor-element elementor-element-25653b4b elementor-widget elementor-widget-text-editor\" data-id=\"25653b4b\" data-element_type=\"widget\" data-e-type=\"widget\" data-widget_type=\"text-editor.default\">\n\t\t\t\t<div class=\"elementor-widget-container\">\n\t\t\t\t\t\t\t\t\t<p><span style=\"font-weight: 400;\">Enter your information and, Cure JM parent, Shannon Malloy will contact you.<\/span><\/p><p>Find out how you can participate in this year&#8217;s Giving Tuesday.<\/p>\t\t\t\t\t\t\t\t<\/div>\n\t\t\t\t<\/div>\n\t\t\t\t\t<\/div>\n\t\t<\/div>\n\t\t\t\t<div class=\"elementor-column elementor-col-50 elementor-top-column elementor-element elementor-element-ade2aec\" data-id=\"ade2aec\" data-element_type=\"column\" data-e-type=\"column\" data-settings=\"{&quot;background_background&quot;:&quot;classic&quot;}\">\n\t\t\t<div class=\"elementor-widget-wrap elementor-element-populated\">\n\t\t\t\t\t\t<div class=\"elementor-element elementor-element-7d78ed8 elementor-button-align-stretch elementor-widget elementor-widget-form\" data-id=\"7d78ed8\" data-element_type=\"widget\" data-e-type=\"widget\" data-settings=\"{&quot;step_next_label&quot;:&quot;Next&quot;,&quot;step_previous_label&quot;:&quot;Previous&quot;,&quot;button_width&quot;:&quot;100&quot;,&quot;step_type&quot;:&quot;number_text&quot;,&quot;step_icon_shape&quot;:&quot;circle&quot;}\" data-widget_type=\"form.default\">\n\t\t\t\t<div class=\"elementor-widget-container\">\n\t\t\t\t\t\t\t<form class=\"elementor-form\" method=\"post\" id=\"cjm_contact_form\" name=\"Giving Tuesday Form\" aria-label=\"Giving Tuesday Form\">\n\t\t\t<input type=\"hidden\" name=\"post_id\" value=\"35254\"\/>\n\t\t\t<input type=\"hidden\" name=\"form_id\" value=\"7d78ed8\"\/>\n\t\t\t<input type=\"hidden\" name=\"referer_title\" value=\"\" \/>\n\n\t\t\t\n\t\t\t<div class=\"elementor-form-fields-wrapper elementor-labels-above\">\n\t\t\t\t\t\t\t\t<div class=\"elementor-field-type-text elementor-field-group elementor-column elementor-field-group-fname elementor-col-100 elementor-field-required\">\n\t\t\t\t\t\t\t\t\t\t\t\t<label for=\"form-field-fname\" class=\"elementor-field-label\">\n\t\t\t\t\t\t\t\tFirst Name\t\t\t\t\t\t\t<\/label>\n\t\t\t\t\t\t\t\t\t\t\t\t\t\t<input size=\"1\" type=\"text\" name=\"form_fields[fname]\" id=\"form-field-fname\" class=\"elementor-field elementor-size-sm  elementor-field-textual\" required=\"required\">\n\t\t\t\t\t\t\t\t\t\t\t<\/div>\n\t\t\t\t\t\t\t\t<div class=\"elementor-field-type-text elementor-field-group elementor-column elementor-field-group-lname elementor-col-100 elementor-field-required\">\n\t\t\t\t\t\t\t\t\t\t\t\t<label for=\"form-field-lname\" class=\"elementor-field-label\">\n\t\t\t\t\t\t\t\tLast Name\t\t\t\t\t\t\t<\/label>\n\t\t\t\t\t\t\t\t\t\t\t\t\t\t<input size=\"1\" type=\"text\" name=\"form_fields[lname]\" id=\"form-field-lname\" class=\"elementor-field elementor-size-sm  elementor-field-textual\" required=\"required\">\n\t\t\t\t\t\t\t\t\t\t\t<\/div>\n\t\t\t\t\t\t\t\t<div class=\"elementor-field-type-email elementor-field-group elementor-column elementor-field-group-email elementor-col-100 elementor-field-required\">\n\t\t\t\t\t\t\t\t\t\t\t\t<label for=\"form-field-email\" class=\"elementor-field-label\">\n\t\t\t\t\t\t\t\tEmail\t\t\t\t\t\t\t<\/label>\n\t\t\t\t\t\t\t\t\t\t\t\t\t\t<input size=\"1\" type=\"email\" name=\"form_fields[email]\" id=\"form-field-email\" class=\"elementor-field elementor-size-sm  elementor-field-textual\" required=\"required\">\n\t\t\t\t\t\t\t\t\t\t\t<\/div>\n\t\t\t\t\t\t\t\t<div class=\"elementor-field-type-text elementor-field-group elementor-column elementor-field-group-field_0dbb715 elementor-col-100\">\n\t\t\t\t\t\t\t\t\t\t\t\t<label for=\"form-field-field_0dbb715\" class=\"elementor-field-label\">\n\t\t\t\t\t\t\t\tCell if you want shannon to text you\t\t\t\t\t\t\t<\/label>\n\t\t\t\t\t\t\t\t\t\t\t\t\t\t<input size=\"1\" type=\"text\" name=\"form_fields[field_0dbb715]\" id=\"form-field-field_0dbb715\" class=\"elementor-field elementor-size-sm  elementor-field-textual\">\n\t\t\t\t\t\t\t\t\t\t\t<\/div>\n\t\t\t\t\t\t\t\t<div class=\"elementor-field-type-text\">\n\t\t\t\t\t<input size=\"1\" type=\"text\" name=\"form_fields[hp]\" id=\"form-field-hp\" class=\"elementor-field elementor-size-sm \" style=\"display:none !important;\">\t\t\t\t<\/div>\n\t\t\t\t\t\t\t\t<div class=\"elementor-field-type-recaptcha_v3 elementor-field-group elementor-column elementor-field-group-field_7b0e56d elementor-col-100 recaptcha_v3-inline\">\n\t\t\t\t\t<div class=\"elementor-field\" id=\"form-field-field_7b0e56d\"><div class=\"elementor-g-recaptcha\" data-sitekey=\"6LeABdgfAAAAAH2lWLFZ_36WSoTkkppR2wrtSDrD\" data-type=\"v3\" data-action=\"Form\" data-badge=\"inline\" data-size=\"invisible\"><\/div><\/div>\t\t\t\t<\/div>\n\t\t\t\t\t\t\t\t<div class=\"elementor-field-group elementor-column elementor-field-type-submit elementor-col-100 e-form__buttons\">\n\t\t\t\t\t<button class=\"elementor-button elementor-size-sm\" type=\"submit\">\n\t\t\t\t\t\t<span class=\"elementor-button-content-wrapper\">\n\t\t\t\t\t\t\t\t\t\t\t\t\t\t\t\t\t\t\t\t\t\t<span class=\"elementor-button-text\">Submit<\/span>\n\t\t\t\t\t\t\t\t\t\t\t\t\t<\/span>\n\t\t\t\t\t<\/button>\n\t\t\t\t<\/div>\n\t\t\t<\/div>\n\t\t<\/form>\n\t\t\t\t\t\t<\/div>\n\t\t\t\t<\/div>\n\t\t\t\t\t<\/div>\n\t\t<\/div>\n\t\t\t\t\t<\/div>\n\t\t<\/section>\n\t\t\t\t<\/div>\n\t\t","protected":false},"excerpt":{"rendered":"<p>\"El Giving Tuesday es el d\u00eda m\u00e1s importante del a\u00f1o en Cure JM. Tu participaci\u00f3n significa mucho para nuestro \u00e9xito!\". <\/p>","protected":false},"author":24,"featured_media":55593,"parent":0,"menu_order":0,"comment_status":"closed","ping_status":"closed","template":"","meta":{"_seopress_robots_primary_cat":"","_seopress_titles_title":"Giving Tuesday is the Biggest Day of the Year at Cure JM","_seopress_titles_desc":"Like other non-profits, Giving Tuesday is an extremely important day for Cure JM. We want you to join us for our biggest day of the year!","_seopress_robots_index":"","footnotes":""},"class_list":["post-35254","page","type-page","status-publish","has-post-thumbnail","hentry"],"_links":{"self":[{"href":"https:\/\/www.curejm.org\/es\/wp-json\/wp\/v2\/pages\/35254","targetHints":{"allow":["GET"]}}],"collection":[{"href":"https:\/\/www.curejm.org\/es\/wp-json\/wp\/v2\/pages"}],"about":[{"href":"https:\/\/www.curejm.org\/es\/wp-json\/wp\/v2\/types\/page"}],"author":[{"embeddable":true,"href":"https:\/\/www.curejm.org\/es\/wp-json\/wp\/v2\/users\/24"}],"replies":[{"embeddable":true,"href":"https:\/\/www.curejm.org\/es\/wp-json\/wp\/v2\/comments?post=35254"}],"version-history":[{"count":0,"href":"https:\/\/www.curejm.org\/es\/wp-json\/wp\/v2\/pages\/35254\/revisions"}],"wp:featuredmedia":[{"embeddable":true,"href":"https:\/\/www.curejm.org\/es\/wp-json\/wp\/v2\/media\/55593"}],"wp:attachment":[{"href":"https:\/\/www.curejm.org\/es\/wp-json\/wp\/v2\/media?parent=35254"}],"curies":[{"name":"wp","href":"https:\/\/api.w.org\/{rel}","templated":true}]}}